{"id":2,"date":"2011-05-01T20:52:28","date_gmt":"2011-05-01T20:52:28","guid":{"rendered":"http:\/\/lepetitmondedalice.fr\/WordPress3\/\/?page_id=2"},"modified":"2011-05-04T15:04:09","modified_gmt":"2011-05-04T15:04:09","slug":"about","status":"publish","type":"page","link":"https:\/\/lepetitmondedalice.fr\/WordPress3\/about\/","title":{"rendered":"A propos"},"content":{"rendered":"<div id=\"attachment_10\" style=\"width: 310px\" class=\"wp-caption alignnone\"><a rel=\"attachment wp-att-10\" href=\"http:\/\/lepetitmondedalice.fr\/WordPress3\/about\/reverie_by_circelasombre2\/\"><img loading=\"lazy\" decoding=\"async\" aria-describedby=\"caption-attachment-10\" class=\"size-full wp-image-10\" title=\"Alice CLARY\" src=\"http:\/\/lepetitmondedalice.fr\/WordPress3\/wp-content\/uploads\/2011\/05\/Reverie_by_CirceLaSombre2.jpg\" alt=\"\" width=\"300\" height=\"200\" \/><\/a><p id=\"caption-attachment-10\" class=\"wp-caption-text\">Alice CLARY<\/p><\/div>\n<p>Passionn\u00e9e d&rsquo;images depuis toujours<br \/>\npassionn\u00e9e par la Musique assist\u00e9e par Ordinateur depuis 20 ans<br \/>\nPassionn\u00e9e de photos depuis maintenant 5 ans<\/p>\n<p>un an de conservatoire de music<\/p>\n<p>un an de conservatoire de th\u00e9\u00e2tre<\/p>\n<pre style=\"text-align: justify;\">2 ans \u00e0 l'esra<\/pre>\n<div style=\"float: right; margin-left: 10px;\"><a href=\"https:\/\/twitter.com\/share\" class=\"twitter-share-button\" data-count=\"vertical\" data-url=\"https:\/\/lepetitmondedalice.fr\/WordPress3\/about\/\">Tweet<\/a><\/div>\n","protected":false},"excerpt":{"rendered":"<p>Passionn\u00e9e d&rsquo;images depuis toujours passionn\u00e9e par la Musique assist\u00e9e par Ordinateur depuis 20 ans Passionn\u00e9e de photos depuis maintenant 5 ans un an de conservatoire de music un an de conservatoire de th\u00e9\u00e2tre 2 ans \u00e0 l&rsquo;esra Tweet<\/p>\n","protected":false},"author":1,"featured_media":0,"parent":0,"menu_order":1,"comment_status":"open","ping_status":"open","template":"","meta":{"__cvm_playback_settings":[],"__cvm_video_id":"","footnotes":""},"class_list":["post-2","page","type-page","status-publish","hentry"],"_links":{"self":[{"href":"https:\/\/lepetitmondedalice.fr\/WordPress3\/wp-json\/wp\/v2\/pages\/2","targetHints":{"allow":["GET"]}}],"collection":[{"href":"https:\/\/lepetitmondedalice.fr\/WordPress3\/wp-json\/wp\/v2\/pages"}],"about":[{"href":"https:\/\/lepetitmondedalice.fr\/WordPress3\/wp-json\/wp\/v2\/types\/page"}],"author":[{"embeddable":true,"href":"https:\/\/lepetitmondedalice.fr\/WordPress3\/wp-json\/wp\/v2\/users\/1"}],"replies":[{"embeddable":true,"href":"https:\/\/lepetitmondedalice.fr\/WordPress3\/wp-json\/wp\/v2\/comments?post=2"}],"version-history":[{"count":11,"href":"https:\/\/lepetitmondedalice.fr\/WordPress3\/wp-json\/wp\/v2\/pages\/2\/revisions"}],"predecessor-version":[{"id":189,"href":"https:\/\/lepetitmondedalice.fr\/WordPress3\/wp-json\/wp\/v2\/pages\/2\/revisions\/189"}],"wp:attachment":[{"href":"https:\/\/lepetitmondedalice.fr\/WordPress3\/wp-json\/wp\/v2\/media?parent=2"}],"curies":[{"name":"wp","href":"https:\/\/api.w.org\/{rel}","templated":true}]}}